{"id":15,"date":"2023-12-15T18:36:18","date_gmt":"2023-12-15T23:36:18","guid":{"rendered":"https:\/\/facbio.unitru.edu.pe\/?page_id=15"},"modified":"2024-07-09T09:09:48","modified_gmt":"2024-07-09T14:09:48","slug":"valores-institucionales","status":"publish","type":"page","link":"https:\/\/facbio.unitru.edu.pe\/index.php\/valores-institucionales\/","title":{"rendered":"Valores Institucionales"},"content":{"rendered":"\n<div style=\"height:25px\" aria-hidden=\"true\" class=\"wp-block-spacer\"><\/div>\n\n\n\n<h3 class=\"wp-block-heading has-text-align-center has-white-color has-vivid-cyan-blue-background-color has-text-color has-background has-link-color wp-elements-083f276e5e9ce20b68d45e69f0e2b0d3\">VALORES<\/h3>\n\n\n\n<div style=\"height:25px\" aria-hidden=\"true\" class=\"wp-block-spacer\"><\/div>\n\n\n\n<ul class=\"wp-block-list\">\n<li>Promovemos y fortalecemos la pr\u00e1ctica de la b\u00fasqueda, cultivo y difusi\u00f3n de la verdad, orientando nuestro accionar en un contexto \u00e9tico-moral y legal.<\/li>\n\n\n\n<li>Priorizamos y respetamos el inter\u00e9s superior del estudiante.<\/li>\n\n\n\n<li>Fomentamos y cultivamos el esp\u00edritu creativo, cr\u00edtico, innovador e investigativo. Instituimos la calidad acad\u00e9mica y el mejoramiento continuo.<\/li>\n\n\n\n<li>Formamos integralmente profesionales y ciudadanos de excelencia, con criticidad, innovadores y emprendedores.<\/li>\n\n\n\n<li>Practicamos la buena fe y la sinceridad humana en general.<\/li>\n<\/ul>\n\n\n\n<div style=\"height:25px\" aria-hidden=\"true\" class=\"wp-block-spacer\"><\/div>\n\n\n\n<h3 class=\"wp-block-heading has-text-align-center has-white-color has-text-color has-background has-link-color wp-elements-95ea75a07b5386891804b0f4a26e49fd\" style=\"background-color:#642998\">JUSTICIA<\/h3>\n\n\n\n<div style=\"height:25px\" aria-hidden=\"true\" class=\"wp-block-spacer\"><\/div>\n\n\n\n<ul class=\"wp-block-list\">\n<li>Respetamos la vida, la persona y la dignidad humana.<\/li>\n\n\n\n<li>Ejercicio de una \u00e9tica p\u00fablica, profesional y de respeto al bien com\u00fan.<\/li>\n\n\n\n<li>Recibimos y ejercemos nuestros derechos y deberes para convivir en sociedad.<\/li>\n\n\n\n<li>Respetamos y hacemos valer los derechos de todos para mantener un ambiente de armon\u00eda.<\/li>\n<\/ul>\n\n\n\n<div style=\"height:25px\" aria-hidden=\"true\" class=\"wp-block-spacer\"><\/div>\n\n\n\n<h3 class=\"wp-block-heading has-text-align-center has-white-color has-text-color has-background has-link-color wp-elements-1e3ffd9abd66eb065ebdd99c5fc3ec03\" style=\"background-color:#16b02d\">LIBERTAD<\/h3>\n\n\n\n<div style=\"height:25px\" aria-hidden=\"true\" class=\"wp-block-spacer\"><\/div>\n\n\n\n<ul class=\"wp-block-list\">\n<li>Promovemos el ejercicio pleno y racional de la autonom\u00eda y libertad organizacional y acad\u00e9mica.<\/li>\n\n\n\n<li>Somos responsables de proceder de acuerdo con nuestra conciencia eligiendo entre lo bueno y malo.<\/li>\n\n\n\n<li>Nuestra instituci\u00f3n est\u00e1 orientada a la libertad de pensamiento, de expresi\u00f3n cr\u00edtica, por lo que los alumnos, personal docente y personal administrativo pueden realizar sus comentarios, opiniones y sugerencias libremente.<\/li>\n\n\n\n<li>Practicamos la libertad de c\u00e1tedra en concordancia con los fines de nuestra Universidad.<\/li>\n\n\n\n<li>Ejercemos libertad cuando actuamos con independencia para realizar aquello que se estime adecuado o conveniente.<\/li>\n<\/ul>\n\n\n\n<div style=\"height:25px\" aria-hidden=\"true\" class=\"wp-block-spacer\"><\/div>\n\n\n\n<h3 class=\"wp-block-heading has-text-align-center has-white-color has-text-color has-background has-link-color wp-elements-194ac71ccb6e9d599469c4f1e0f2a335\" style=\"background-color:#d39e0b\">SOLIDARIDAD<\/h3>\n\n\n\n<div style=\"height:25px\" aria-hidden=\"true\" class=\"wp-block-spacer\"><\/div>\n\n\n\n<ul class=\"wp-block-list\">\n<li>Nos apoyamos mutuamente en actividades que sean congruentes con objetivos que beneficien a la sociedad y no se transgredan otros valores.<\/li>\n\n\n\n<li>Con la ayuda del estado peruano se promueve la ayuda social en la comunidad universitaria.<\/li>\n\n\n\n<li>Practicamos la solidaridad entre los miembros de la comunidad universitaria y la sociedad en general.<\/li>\n\n\n\n<li>Impulsamos el trabajo y el crecimiento en equipo.<\/li>\n\n\n\n<li>Ante cat\u00e1strofes o amenazas ambientales o de otra \u00edndole, actuamos con solidaridad entre los miembros de la comunidad universitaria.<\/li>\n<\/ul>\n\n\n\n<div style=\"height:25px\" aria-hidden=\"true\" class=\"wp-block-spacer\"><\/div>\n\n\n\n<h3 class=\"wp-block-heading has-text-align-center has-white-color has-text-color has-background has-link-color wp-elements-2824a8a4c28b52302ada5bf68f8a9117\" style=\"background-color:#0c6da5\">RESPONSABILIDAD<\/h3>\n\n\n\n<div style=\"height:25px\" aria-hidden=\"true\" class=\"wp-block-spacer\"><\/div>\n\n\n\n<ul class=\"wp-block-list\">\n<li>Desarrollamos programas de responsabilidad social pertinentes con el desarrollo sociocultural y ecol\u00f3gico.<\/li>\n\n\n\n<li>Desarrollamos la sensibilidad y compromiso social.<\/li>\n\n\n\n<li>Trabajamos por el continuo desarrollo institucional e internacionalizaci\u00f3n de la UNT.<\/li>\n\n\n\n<li>Formamos profesionales y ciudadanos responsables social y ambientalmente, creadores de valor p\u00fablico, conocimientos cient\u00edfico, tecnol\u00f3gico, human\u00edstico y art\u00edstico para el desarrollo sostenible de la sociedad.<\/li>\n\n\n\n<li>Cumplimos con lo comprometido, o lo que las leyes ordenan que se cumpla, respetando el tiempo de los dem\u00e1s.<\/li>\n\n\n\n<li>Se fomenta en forma responsable una ense\u00f1anza personalizada, con la finalidad de que nuestros alumnos se encuentren en la capacidad de poder ejercer su profesi\u00f3n, como la sociedad y el prestigio de la UNT lo demanda.<\/li>\n\n\n\n<li>Implementamos y cumplimos las normas de calidad, ambiental, de seguridad y salud en el trabajo, de gesti\u00f3n de riesgos tanto nacionales como internacionales.<\/li>\n\n\n\n<li>Promovemos la conciencia ambiental en todos los miembros de la comunidad universitaria para optimizar el uso de los recursos no renovables del planeta.<\/li>\n\n\n\n<li>Practicamos la responsabilidad en nuestros actos generando confianza en los dem\u00e1s.<\/li>\n\n\n\n<li>Practicamos la meritocracia y la \u00e9tica profesional.<\/li>\n\n\n\n<li>Difundimos y promovemos conocimiento cient\u00edfico y tecnol\u00f3gico para el cuidado de la salud de la comunidad universitaria y de la sociedad en general.<\/li>\n<\/ul>\n\n\n\n<div style=\"height:25px\" aria-hidden=\"true\" class=\"wp-block-spacer\"><\/div>\n\n\n\n<h3 class=\"wp-block-heading has-text-align-center has-white-color has-vivid-red-background-color has-text-color has-background has-link-color wp-elements-b2ad9524ec6c6df3b2390c582aee2c8a\">HONESTIDAD<\/h3>\n\n\n\n<div style=\"height:25px\" aria-hidden=\"true\" class=\"wp-block-spacer\"><\/div>\n\n\n\n<ul class=\"wp-block-list\">\n<li>Practicamos la meritocracia y \u00e9tica profesional.<\/li>\n\n\n\n<li>Rendimos cuentas de nuestros actos en forma transparente, siempre con la verdad.<\/li>\n\n\n\n<li>Participamos en actividades que se encuentren enmarcadas dentro del ordenamiento \u00e9tico, moral y legal.<\/li>\n\n\n\n<li>Practicamos una forma de vivir congruente entre lo que pensamos y la conducta que adoptamos hacia otras personas.<\/li>\n\n\n\n<li>Actuamos con transparencia manteniendo el ejemplo como principio b\u00e1sico.<\/li>\n\n\n\n<li>Los procesos de evaluaci\u00f3n se realizan bajo los est\u00e1ndares, la seguridad y la transparencia.<\/li>\n\n\n\n<li>Rendimos cuentas de nuestros actos en forma transparente, siempre con la verdad.<\/li>\n<\/ul>\n\n\n\n<div style=\"height:25px\" aria-hidden=\"true\" class=\"wp-block-spacer\"><\/div>\n\n\n\n<h3 class=\"wp-block-heading has-text-align-center has-white-color has-text-color has-background has-link-color wp-elements-e6a0d8170f607cd05c41c5fab5c8c4bd\" style=\"background-color:#509479\">INTEGRIDAD<\/h3>\n\n\n\n<div style=\"height:25px\" aria-hidden=\"true\" class=\"wp-block-spacer\"><\/div>\n\n\n\n<ul class=\"wp-block-list\">\n<li>Formamos profesionales y ciudadanos con \u00e9tica e integridad.<\/li>\n\n\n\n<li>Tratamos de hacer siempre lo correcto, o aquello que consideramos bueno sin afectar los intereses de otras personas.<\/li>\n\n\n\n<li>Vivimos conforme los principios \u00e9ticos y morales, incluyendo la honestidad, la rectitud y la decencia, libre de corrupci\u00f3n.<\/li>\n\n\n\n<li>Actuamos con integridad y transparencia respecto a nuestras acciones, siguiendo normas \u00e9ticas de conducta.<\/li>\n<\/ul>\n\n\n\n<div style=\"height:25px\" aria-hidden=\"true\" class=\"wp-block-spacer\"><\/div>\n\n\n\n<h3 class=\"wp-block-heading has-text-align-center has-white-color has-text-color has-background has-link-color wp-elements-c1cb051028e0bb609d056fc7afb21e7a\" style=\"background-color:#edc71e\">TOLERANCIA SOCIAL<\/h3>\n\n\n\n<div style=\"height:25px\" aria-hidden=\"true\" class=\"wp-block-spacer\"><\/div>\n\n\n\n<ul class=\"wp-block-list\">\n<li>Orientamos nuestro trabajo al respeto de la democracia interna y ejercicio del principio de autoridad, aceptando con respeto a las personas, aunque tengan opiniones diferentes.<\/li>\n\n\n\n<li>Respetamos las creencias o pr\u00e1cticas diferentes a las propias respetando las normas de los dem\u00e1s.<\/li>\n\n\n\n<li>Estamos obligados a respetar el derecho y bienes de los dem\u00e1s, as\u00ed como a la integridad moral y f\u00edsica de las personas.<\/li>\n\n\n\n<li>Aceptamos y comprendemos los derechos y situaciones de los dem\u00e1s.<\/li>\n<\/ul>\n\n\n\n<div style=\"height:25px\" aria-hidden=\"true\" class=\"wp-block-spacer\"><\/div>\n\n\n\n<h3 class=\"wp-block-heading has-text-align-center has-white-color has-pale-pink-background-color has-text-color has-background has-link-color wp-elements-36ff5a21e7784ac69eac98786cea642c\">INCLUSI\u00d3N SOCIAL<\/h3>\n\n\n\n<div style=\"height:25px\" aria-hidden=\"true\" class=\"wp-block-spacer\"><\/div>\n\n\n\n<ul class=\"wp-block-list\">\n<li>Formamos profesionales y ciudadanos equitativos e inclusivos.<\/li>\n\n\n\n<li>Rechazamos toda forma de violencia y discriminaci\u00f3n.<\/li>\n\n\n\n<li>Fomentamos pr\u00e1cticas pluralistas de democracia institucional.<\/li>\n\n\n\n<li>Desarrollamos programas de ense\u00f1anza e investigaci\u00f3n pertinentes y de impacto social.<\/li>\n\n\n\n<li>Valoramos plenamente la vida humana en su diversidad sociocultural.<\/li>\n\n\n\n<li>Los alumnos reciben un trato y ense\u00f1anza con igualdad sin ning\u00fan tipo de discriminaci\u00f3n.<\/li>\n<\/ul>\n","protected":false},"excerpt":{"rendered":"<p>VALORES JUSTICIA LIBERTAD SOLIDARIDAD RESPONSABILIDAD HONESTIDAD INTEGRIDAD TOLERANCIA SOCIAL INCLUSI\u00d3N SOCIAL<\/p>\n","protected":false},"author":2,"featured_media":0,"parent":0,"menu_order":0,"comment_status":"closed","ping_status":"closed","template":"","meta":{"footnotes":""},"class_list":["post-15","page","type-page","status-publish","hentry"],"_links":{"self":[{"href":"https:\/\/facbio.unitru.edu.pe\/index.php\/wp-json\/wp\/v2\/pages\/15","targetHints":{"allow":["GET"]}}],"collection":[{"href":"https:\/\/facbio.unitru.edu.pe\/index.php\/wp-json\/wp\/v2\/pages"}],"about":[{"href":"https:\/\/facbio.unitru.edu.pe\/index.php\/wp-json\/wp\/v2\/types\/page"}],"author":[{"embeddable":true,"href":"https:\/\/facbio.unitru.edu.pe\/index.php\/wp-json\/wp\/v2\/users\/2"}],"replies":[{"embeddable":true,"href":"https:\/\/facbio.unitru.edu.pe\/index.php\/wp-json\/wp\/v2\/comments?post=15"}],"version-history":[{"count":12,"href":"https:\/\/facbio.unitru.edu.pe\/index.php\/wp-json\/wp\/v2\/pages\/15\/revisions"}],"predecessor-version":[{"id":1750,"href":"https:\/\/facbio.unitru.edu.pe\/index.php\/wp-json\/wp\/v2\/pages\/15\/revisions\/1750"}],"wp:attachment":[{"href":"https:\/\/facbio.unitru.edu.pe\/index.php\/wp-json\/wp\/v2\/media?parent=15"}],"curies":[{"name":"wp","href":"https:\/\/api.w.org\/{rel}","templated":true}]}}