{"id":19,"date":"2023-12-15T18:37:42","date_gmt":"2023-12-15T23:37:42","guid":{"rendered":"https:\/\/facbio.unitru.edu.pe\/?page_id=19"},"modified":"2024-07-17T12:50:48","modified_gmt":"2024-07-17T17:50:48","slug":"autoridades","status":"publish","type":"page","link":"https:\/\/facbio.unitru.edu.pe\/index.php\/autoridades\/","title":{"rendered":"Autoridades"},"content":{"rendered":"\n<div style=\"height:38px\" aria-hidden=\"true\" class=\"wp-block-spacer\"><\/div>\n\n\n\n<h3 class=\"wp-block-heading has-text-align-center has-white-color has-vivid-cyan-blue-background-color has-text-color has-background has-link-color wp-elements-584ded495d67221f0a14a096fa58c533\">CONSEJO DE FACULTAD<\/h3>\n\n\n\n<div style=\"height:38px\" aria-hidden=\"true\" class=\"wp-block-spacer\"><\/div>\n\n\n\n<ul class=\"wp-block-list\">\n<li>Dra. Bertha Soledad Soriano Bernilla<\/li>\n\n\n\n<li>Dra. Marlene Ren\u00e9 Rodr\u00edguez Espejo<\/li>\n\n\n\n<li>Dr. Franklin Roger Vargas V\u00e1squez<\/li>\n\n\n\n<li>Dr. C\u00e9sar Augusto Medina Tafur<\/li>\n\n\n\n<li>Dr. Luis Alberto Llenque D\u00edaz<\/li>\n\n\n\n<li>Ms.C. Gerardo Alayo Espinoza<\/li>\n<\/ul>\n\n\n\n<div style=\"height:38px\" aria-hidden=\"true\" class=\"wp-block-spacer\"><\/div>\n\n\n\n<h3 class=\"wp-block-heading has-text-align-center has-white-color has-vivid-cyan-blue-background-color has-text-color has-background has-link-color wp-elements-13ee3fa00b900a45eeba1f2905a9a32e\">DECANO<\/h3>\n\n\n\n<div style=\"height:38px\" aria-hidden=\"true\" class=\"wp-block-spacer\"><\/div>\n\n\n\n<ul class=\"wp-block-list\">\n<li>Dr. Heber Max Robles Castillo<\/li>\n<\/ul>\n\n\n\n<div style=\"height:38px\" aria-hidden=\"true\" class=\"wp-block-spacer\"><\/div>\n\n\n\n<h3 class=\"wp-block-heading has-text-align-center has-white-color has-vivid-cyan-blue-background-color has-text-color has-background has-link-color wp-elements-949f50bdd02b662c8cc99478cb619443\">ESCUELAS PROFESIONALES<\/h3>\n\n\n\n<div style=\"height:38px\" aria-hidden=\"true\" class=\"wp-block-spacer\"><\/div>\n\n\n\n<ul class=\"wp-block-list\">\n<li><strong>E.P. Biolog\u00eda Pesquera<\/strong><br><strong>Director:<\/strong> Dr. Luis Angelo Luj\u00e1n Bulnes<br><\/li>\n\n\n\n<li><strong>E.P. Ciencias Biol\u00f3gicas<\/strong><br><strong>Director: <\/strong>Dr. Julio Roger Chico Ruiz<br><\/li>\n\n\n\n<li><strong>E.P. Microbiolog\u00eda y Parasitolog\u00eda<\/strong><br><strong>Director:<\/strong> Dra. Mar\u00eda Nelly V\u00e1squez Valles<\/li>\n<\/ul>\n\n\n\n<div style=\"height:38px\" aria-hidden=\"true\" class=\"wp-block-spacer\"><\/div>\n\n\n\n<h3 class=\"wp-block-heading has-text-align-center has-white-color has-vivid-cyan-blue-background-color has-text-color has-background has-link-color wp-elements-ccc241e20f1f4ddd5a6279d422459a00\">DEPARTAMENTOS ACAD\u00c9MICOS<\/h3>\n\n\n\n<div style=\"height:38px\" aria-hidden=\"true\" class=\"wp-block-spacer\"><\/div>\n\n\n\n<ul class=\"wp-block-list\">\n<li><strong>Dpto.Acad. Ciencias Biol\u00f3gicas<\/strong><br><strong>Director: <\/strong>Dr. Freddy Pel\u00e1ez Pel\u00e1ez<br><\/li>\n\n\n\n<li><strong>Dpto.Acad. Microbiolog\u00eda y Parasitolog\u00eda<\/strong><br><strong>Directora:<\/strong> Dra. Judith Enit Rold\u00e1n Rodr\u00edguez<br><\/li>\n\n\n\n<li><strong>Dpto.Acad. Pesquer\u00eda<\/strong><br><strong>Directora:<\/strong> Dra. Alina Mabel Zafra Trelles<br><\/li>\n\n\n\n<li><strong>Dpto.Acad. Qu\u00edmica Biol\u00f3gicas y Fisiolog\u00eda Animal<\/strong><br><strong>Director:<\/strong> Dr. Marco Leoncio Salazar Castillo<\/li>\n<\/ul>\n\n\n\n<div style=\"height:38px\" aria-hidden=\"true\" class=\"wp-block-spacer\"><\/div>\n\n\n\n<h3 class=\"wp-block-heading has-text-align-center has-white-color has-vivid-cyan-blue-background-color has-text-color has-background has-link-color wp-elements-34dbd6e8bcdadf2c115232f1050f3755\">UNIDAD DE SEGUNDA ESPECIALIDAD PROFESIONAL<\/h3>\n\n\n\n<div style=\"height:38px\" aria-hidden=\"true\" class=\"wp-block-spacer\"><\/div>\n\n\n\n<ul class=\"wp-block-list\">\n<li><strong>Director Acad\u00e9mico:<\/strong> Dr. Willian Genaro Blas Cerd\u00e1n<\/li>\n<\/ul>\n\n\n\n<div style=\"height:38px\" aria-hidden=\"true\" class=\"wp-block-spacer\"><\/div>\n\n\n\n<h3 class=\"wp-block-heading has-text-align-center has-white-color has-vivid-cyan-blue-background-color has-text-color has-background has-link-color wp-elements-642d7c348b80d5461ba2bd38e88ac2b1\">ADMINISTRADOR<\/h3>\n\n\n\n<div style=\"height:38px\" aria-hidden=\"true\" class=\"wp-block-spacer\"><\/div>\n\n\n\n<ul class=\"wp-block-list\">\n<li>Lic. Eric Gustavo Gutierrez Cruz<\/li>\n<\/ul>\n","protected":false},"excerpt":{"rendered":"<p>CONSEJO DE FACULTAD DECANO ESCUELAS PROFESIONALES DEPARTAMENTOS ACAD\u00c9MICOS UNIDAD DE SEGUNDA ESPECIALIDAD PROFESIONAL ADMINISTRADOR<\/p>\n","protected":false},"author":2,"featured_media":0,"parent":0,"menu_order":0,"comment_status":"closed","ping_status":"closed","template":"","meta":{"footnotes":""},"class_list":["post-19","page","type-page","status-publish","hentry"],"_links":{"self":[{"href":"https:\/\/facbio.unitru.edu.pe\/index.php\/wp-json\/wp\/v2\/pages\/19","targetHints":{"allow":["GET"]}}],"collection":[{"href":"https:\/\/facbio.unitru.edu.pe\/index.php\/wp-json\/wp\/v2\/pages"}],"about":[{"href":"https:\/\/facbio.unitru.edu.pe\/index.php\/wp-json\/wp\/v2\/types\/page"}],"author":[{"embeddable":true,"href":"https:\/\/facbio.unitru.edu.pe\/index.php\/wp-json\/wp\/v2\/users\/2"}],"replies":[{"embeddable":true,"href":"https:\/\/facbio.unitru.edu.pe\/index.php\/wp-json\/wp\/v2\/comments?post=19"}],"version-history":[{"count":13,"href":"https:\/\/facbio.unitru.edu.pe\/index.php\/wp-json\/wp\/v2\/pages\/19\/revisions"}],"predecessor-version":[{"id":1765,"href":"https:\/\/facbio.unitru.edu.pe\/index.php\/wp-json\/wp\/v2\/pages\/19\/revisions\/1765"}],"wp:attachment":[{"href":"https:\/\/facbio.unitru.edu.pe\/index.php\/wp-json\/wp\/v2\/media?parent=19"}],"curies":[{"name":"wp","href":"https:\/\/api.w.org\/{rel}","templated":true}]}}