{"id":26,"date":"2023-12-15T19:47:36","date_gmt":"2023-12-16T00:47:36","guid":{"rendered":"https:\/\/facbio.unitru.edu.pe\/?page_id=26"},"modified":"2024-07-22T18:03:55","modified_gmt":"2024-07-22T23:03:55","slug":"plana-docente","status":"publish","type":"page","link":"https:\/\/facbio.unitru.edu.pe\/index.php\/plana-docente\/","title":{"rendered":"Plana Docente"},"content":{"rendered":"\n<div style=\"height:28px\" aria-hidden=\"true\" class=\"wp-block-spacer\"><\/div>\n\n\n\n<h3 class=\"wp-block-heading has-text-align-center has-vivid-cyan-blue-color has-text-color has-link-color wp-elements-a261c8be7c685781564069e6700c6db1\"><strong>DEPARTAMENTO ACAD\u00c9MICO DE CIENCIAS BIOL\u00d3GICAS<\/strong><\/h3>\n\n\n\n<div style=\"height:28px\" aria-hidden=\"true\" class=\"wp-block-spacer\"><\/div>\n\n\n\n<table id=\"tablepress-1\" class=\"tablepress tablepress-id-1\">\n<thead>\n<tr class=\"row-1\">\n\t<th class=\"column-1\">N\u00b0<\/th><th class=\"column-2\">Apellidos y Nombres<\/th><th class=\"column-3\">Correo<\/th>\n<\/tr>\n<\/thead>\n<tbody class=\"row-striping row-hover\">\n<tr class=\"row-2\">\n\t<td class=\"column-1\">1<\/td><td class=\"column-2\">ALVITEZ IZQUIERDO ELMER<\/td><td class=\"column-3\">ealvitez@unitru.edu.pe<\/td>\n<\/tr>\n<tr class=\"row-3\">\n\t<td class=\"column-1\">2<\/td><td class=\"column-2\">BLAS CERDAN WILLIAN GENARO<\/td><td class=\"column-3\">wblas@unitru.edu.pe<\/td>\n<\/tr>\n<tr class=\"row-4\">\n\t<td class=\"column-1\">3<\/td><td class=\"column-2\">CABRERA DE CIPRIANO ANGELITA TERESA<\/td><td class=\"column-3\">acabrera@unitru.edu.pe<\/td>\n<\/tr>\n<tr class=\"row-5\">\n\t<td class=\"column-1\">4<\/td><td class=\"column-2\">CARBAJAL DE WILSON AIDA ESTHER<\/td><td class=\"column-3\">acarbajal@unitru.edu.pe<\/td>\n<\/tr>\n<tr class=\"row-6\">\n\t<td class=\"column-1\">5<\/td><td class=\"column-2\">CHAMAN MEDINA MERCEDES ELIZABETH<\/td><td class=\"column-3\">mchaman@unitru.edu.pe<\/td>\n<\/tr>\n<tr class=\"row-7\">\n\t<td class=\"column-1\">6<\/td><td class=\"column-2\">CHICO RUIZ JULIO ROGER<\/td><td class=\"column-3\">jchico@unitru.edu.pe<\/td>\n<\/tr>\n<tr class=\"row-8\">\n\t<td class=\"column-1\">7<\/td><td class=\"column-2\">GASTA\u00d1ADUI ROSAS DANILO<\/td><td class=\"column-3\">gastanadui@unitru.edu.pe<\/td>\n<\/tr>\n<tr class=\"row-9\">\n\t<td class=\"column-1\">8<\/td><td class=\"column-2\">GUERRERO PADILLA ANA MARLENE<\/td><td class=\"column-3\">mguerrero@unitru.edu.pe<\/td>\n<\/tr>\n<tr class=\"row-10\">\n\t<td class=\"column-1\">9<\/td><td class=\"column-2\">HUAMAN RODRIGUEZ EMILIANA APOLINARIA<\/td><td class=\"column-3\">ehuaman@unitru.edu.pe<\/td>\n<\/tr>\n<tr class=\"row-11\">\n\t<td class=\"column-1\">10<\/td><td class=\"column-2\">JAIME CHAMOCHUMBI MIGUEL ANGEL<\/td><td class=\"column-3\">mjaime@unitru.edu.pe<\/td>\n<\/tr>\n<tr class=\"row-12\">\n\t<td class=\"column-1\">11<\/td><td class=\"column-2\">LOPEZ MEDINA SEGUNDO ELOY<\/td><td class=\"column-3\">slopezm@unitru.edu.pe<\/td>\n<\/tr>\n<tr class=\"row-13\">\n\t<td class=\"column-1\">12<\/td><td class=\"column-2\">MEDINA CASTRO DARIO EMILIANO<\/td><td class=\"column-3\">dmedina@unitru.edu.pe<\/td>\n<\/tr>\n<tr class=\"row-14\">\n\t<td class=\"column-1\">13<\/td><td class=\"column-2\">MEDINA TAFUR CESAR AUGUSTO<\/td><td class=\"column-3\">cmedinae@unitru.edu.pe<\/td>\n<\/tr>\n<tr class=\"row-15\">\n\t<td class=\"column-1\">14<\/td><td class=\"column-2\">MEJIA COICO FREDDY ROGGER<\/td><td class=\"column-3\">fmejia@unitru.edu.pe<\/td>\n<\/tr>\n<tr class=\"row-16\">\n\t<td class=\"column-1\">15<\/td><td class=\"column-2\">MOSTACERO LEON JOSE<\/td><td class=\"column-3\">jmostacero@unitru.edu.pe<\/td>\n<\/tr>\n<tr class=\"row-17\">\n\t<td class=\"column-1\">16<\/td><td class=\"column-2\">PADILLA SAGASTEGUI SANTOS ENRIQUE<\/td><td class=\"column-3\">spadilla@unitru.edu.pe<\/td>\n<\/tr>\n<tr class=\"row-18\">\n\t<td class=\"column-1\">17<\/td><td class=\"column-2\">PELAEZ PELAEZ FREDDY<\/td><td class=\"column-3\">fpelaez@unitru.edu.pe<\/td>\n<\/tr>\n<tr class=\"row-19\">\n\t<td class=\"column-1\">18<\/td><td class=\"column-2\">POLLACK VELASQUEZ LUIS ENRIQUE<\/td><td class=\"column-3\">lpollack@unitru.edu.pe<\/td>\n<\/tr>\n<tr class=\"row-20\">\n\t<td class=\"column-1\">19<\/td><td class=\"column-2\">POLO CORRO JOSE LUIS<\/td><td class=\"column-3\">jpoloc@unitru.edu.pe<\/td>\n<\/tr>\n<tr class=\"row-21\">\n\t<td class=\"column-1\">20<\/td><td class=\"column-2\">PRIETO LARA ZULITA ADRIANA<\/td><td class=\"column-3\">zprieto@unitru.edu.pe<\/td>\n<\/tr>\n<tr class=\"row-22\">\n\t<td class=\"column-1\">21<\/td><td class=\"column-2\">QUIJANO JARA CARLOS HELI<\/td><td class=\"column-3\">cquijano@unitru.edu.pe<\/td>\n<\/tr>\n<tr class=\"row-23\">\n\t<td class=\"column-1\">22<\/td><td class=\"column-2\">RAMIREZ CRUZ AURELIANO FLORENCIO<\/td><td class=\"column-3\">aramirez@unitru.edu.pe<\/td>\n<\/tr>\n<tr class=\"row-24\">\n\t<td class=\"column-1\">23<\/td><td class=\"column-2\">RODRIGUEZ ESPEJO MARLENE RENE<\/td><td class=\"column-3\">mrodrigueze@unitru.edu.pe<\/td>\n<\/tr>\n<tr class=\"row-25\">\n\t<td class=\"column-1\">24<\/td><td class=\"column-2\">RODRIGUEZ RODRIGUEZ ROBERTO<\/td><td class=\"column-3\">rrodriguezr@unitru.edu.pe<\/td>\n<\/tr>\n<tr class=\"row-26\">\n\t<td class=\"column-1\">25<\/td><td class=\"column-2\">RODRIGUEZ SOTO JUAN CARLOS<\/td><td class=\"column-3\">jrodriguezs@unitru.edu.pe<\/td>\n<\/tr>\n<tr class=\"row-27\">\n\t<td class=\"column-1\">26<\/td><td class=\"column-2\">SALDA\u00d1A JIMENEZ JOSE ANTONIO<\/td><td class=\"column-3\">jsaldana@unitru.edu.pe<\/td>\n<\/tr>\n<tr class=\"row-28\">\n\t<td class=\"column-1\">27<\/td><td class=\"column-2\">SEIJAS BERNABE PRISCILLA ALEXANDRA<\/td><td class=\"column-3\">pseijas@unitru.edu.pe<\/td>\n<\/tr>\n<tr class=\"row-29\">\n\t<td class=\"column-1\">28<\/td><td class=\"column-2\">TUESTA COLLANTES LURDES<\/td><td class=\"column-3\">ltuesta@unitru.edu.pe<\/td>\n<\/tr>\n<tr class=\"row-30\">\n\t<td class=\"column-1\">29<\/td><td class=\"column-2\">VENEROS TERRONES ROGER<\/td><td class=\"column-3\">rveneros@unitru.edu.pe<\/td>\n<\/tr>\n<tr class=\"row-31\">\n\t<td class=\"column-1\">30<\/td><td class=\"column-2\">ZAVALA DE LA CRUZ FATIMA<\/td><td class=\"column-3\">fzavala@unitru.edu.pe<\/td>\n<\/tr>\n<tr class=\"row-32\">\n\t<td class=\"column-1\">31<\/td><td class=\"column-2\">ZAVALETA ESPEJO GINA GENARA<\/td><td class=\"column-3\">gzavaleta@unitru.edu.pe<\/td>\n<\/tr>\n<tr class=\"row-33\">\n\t<td class=\"column-1\">32<\/td><td class=\"column-2\">ZELADA ESTRAVER WILLIAM ELMER<\/td><td class=\"column-3\">wzelada@unitru.edu.pe<\/td>\n<\/tr>\n<\/tbody>\n<\/table>\n<!-- #tablepress-1 from cache -->\n\n\n\n<div style=\"height:28px\" aria-hidden=\"true\" class=\"wp-block-spacer\"><\/div>\n\n\n\n<h3 class=\"wp-block-heading has-text-align-center has-vivid-green-cyan-color has-text-color has-link-color wp-elements-6561aa5b7cf6083597167b8d3dbab5f4\"><strong><strong>DEPARTAMENTO ACAD\u00c9MICO DE MICROBIOLOG\u00cdA Y PARASITOLOG\u00cdA<\/strong><\/strong><\/h3>\n\n\n\n<div style=\"height:28px\" aria-hidden=\"true\" class=\"wp-block-spacer\"><\/div>\n\n\n\n<table id=\"tablepress-2\" class=\"tablepress tablepress-id-2\">\n<thead>\n<tr class=\"row-1\">\n\t<th class=\"column-1\">N\u00b0<\/th><th class=\"column-2\">Apellidos y Nombres<\/th><th class=\"column-3\">Correo<\/th>\n<\/tr>\n<\/thead>\n<tbody class=\"row-striping row-hover\">\n<tr class=\"row-2\">\n\t<td class=\"column-1\">1<\/td><td class=\"column-2\">ALAYO ESPINOZA GERARDO<\/td><td class=\"column-3\">galayo@unitru.edu.pe<\/td>\n<\/tr>\n<tr class=\"row-3\">\n\t<td class=\"column-1\">2<\/td><td class=\"column-2\">ANGULO CASTRO IVAN WILFREDO<\/td><td class=\"column-3\">iangulo@unitru.edu.pe<\/td>\n<\/tr>\n<tr class=\"row-4\">\n\t<td class=\"column-1\">3<\/td><td class=\"column-2\">CASTA\u00d1EDA CARRION IRMA NYDIA<\/td><td class=\"column-3\">icastaneda@unitru.edu.pe<\/td>\n<\/tr>\n<tr class=\"row-5\">\n\t<td class=\"column-1\">4<\/td><td class=\"column-2\">JARA CAMPOS CESAR AUGUSTO<\/td><td class=\"column-3\">cjara@unitru.edu.pe<\/td>\n<\/tr>\n<tr class=\"row-6\">\n\t<td class=\"column-1\">5<\/td><td class=\"column-2\">LLENQUE DIAZ LUIS ALBERTO<\/td><td class=\"column-3\">allenque@unitru.edu.pe<\/td>\n<\/tr>\n<tr class=\"row-7\">\n\t<td class=\"column-1\">6<\/td><td class=\"column-2\">LUJAN VELASQUEZ MANUELA NATIVIDAD<\/td><td class=\"column-3\">mlujan@unitru.edu.pe<\/td>\n<\/tr>\n<tr class=\"row-8\">\n\t<td class=\"column-1\">7<\/td><td class=\"column-2\">MU\u00d1OZ GANOZA EDUARDO JOSE<\/td><td class=\"column-3\">eganoza@unitru.edu.pe<\/td>\n<\/tr>\n<tr class=\"row-9\">\n\t<td class=\"column-1\">8<\/td><td class=\"column-2\">QUINTANA DIAZ ANIBAL<\/td><td class=\"column-3\">aquintana@unitru.edu.pe<\/td>\n<\/tr>\n<tr class=\"row-10\">\n\t<td class=\"column-1\">9<\/td><td class=\"column-2\">ROBLES CASTILLO HEBER MAX<\/td><td class=\"column-3\">hrobles@unitru.edu.pe<\/td>\n<\/tr>\n<tr class=\"row-11\">\n\t<td class=\"column-1\">10<\/td><td class=\"column-2\">RODRIGUEZ HARO ICELA MARISSA<\/td><td class=\"column-3\">Irodriguez@unitru.edu.pe<\/td>\n<\/tr>\n<tr class=\"row-12\">\n\t<td class=\"column-1\">11<\/td><td class=\"column-2\">ROLDAN RODRIGUEZ JUDITH ENIT<\/td><td class=\"column-3\">jroldan@unitru.edu.pe<\/td>\n<\/tr>\n<tr class=\"row-13\">\n\t<td class=\"column-1\">12<\/td><td class=\"column-2\">SORIANO BERNILLA BERTHA SOLEDAD<\/td><td class=\"column-3\">bsoriano@unitru.edu.pe<\/td>\n<\/tr>\n<tr class=\"row-14\">\n\t<td class=\"column-1\">13<\/td><td class=\"column-2\">VARGAS VASQUEZ FRANKLIN ROGER<\/td><td class=\"column-3\">fvargas@unitru.edu.pe<\/td>\n<\/tr>\n<tr class=\"row-15\">\n\t<td class=\"column-1\">14<\/td><td class=\"column-2\">VASQUEZ VALLES MARIA NELLY<\/td><td class=\"column-3\">mvasquezv@unitru.edu.pe<\/td>\n<\/tr>\n<tr class=\"row-16\">\n\t<td class=\"column-1\">15<\/td><td class=\"column-2\">VILLANUEVA TARAZONA EVA ELIZABETH<\/td><td class=\"column-3\">evillanueva@unitru.edu.pe<\/td>\n<\/tr>\n<tr class=\"row-17\">\n\t<td class=\"column-1\">16<\/td><td class=\"column-2\">WILSON KRUGG JUAN HECTOR<\/td><td class=\"column-3\">jwilson@unitru.edu.pe<\/td>\n<\/tr>\n<tr class=\"row-18\">\n\t<td class=\"column-1\">17<\/td><td class=\"column-2\">ZAVALETA VERDE EDGAR DAVID<\/td><td class=\"column-3\">ezverde@unitru.edu.pe<\/td>\n<\/tr>\n<\/tbody>\n<\/table>\n<!-- #tablepress-2 from cache -->\n\n\n\n<div style=\"height:28px\" aria-hidden=\"true\" class=\"wp-block-spacer\"><\/div>\n\n\n\n<h3 class=\"wp-block-heading has-text-align-center has-text-color has-link-color wp-elements-b5be9fdabefef7b25b45cd6b112df0e1\" style=\"color:#0e79b7\"><strong><strong><strong>DEPARTAMENTO ACAD\u00c9MICO DE PESQUER\u00cdA<\/strong><\/strong><\/strong><\/h3>\n\n\n\n<div style=\"height:28px\" aria-hidden=\"true\" class=\"wp-block-spacer\"><\/div>\n\n\n\n<table id=\"tablepress-3\" class=\"tablepress tablepress-id-3\">\n<thead>\n<tr class=\"row-1\">\n\t<th class=\"column-1\">N\u00b0<\/th><th class=\"column-2\">Apellidos y Nombres<\/th><th class=\"column-3\">Correo<\/th>\n<\/tr>\n<\/thead>\n<tbody class=\"row-striping row-hover\">\n<tr class=\"row-2\">\n\t<td class=\"column-1\">1<\/td><td class=\"column-2\">ALVA CALDERON ROGER MARINO<\/td><td class=\"column-3\">ralvac@unitru.edu.pe<\/td>\n<\/tr>\n<tr class=\"row-3\">\n\t<td class=\"column-1\">2<\/td><td class=\"column-2\">BOCANEGRA GARCIA CARLOS ALFREDO<\/td><td class=\"column-3\">cbocanegra@unitru.edu.pe<\/td>\n<\/tr>\n<tr class=\"row-4\">\n\t<td class=\"column-1\">3<\/td><td class=\"column-2\">BOPP VIDAL GEINER MANUEL<\/td><td class=\"column-3\">gboop@unitru.edu.pe<\/td>\n<\/tr>\n<tr class=\"row-5\">\n\t<td class=\"column-1\">4<\/td><td class=\"column-2\">CORREA LA TORRE JORGE ARTEMIO<\/td><td class=\"column-3\">jcorrea@unitru.edu.pe<\/td>\n<\/tr>\n<tr class=\"row-6\">\n\t<td class=\"column-1\">5<\/td><td class=\"column-2\">CULQUICHICON MALPICA ZOILA GRADIS<\/td><td class=\"column-3\">zculquichicon@unitru.edu.pe<\/td>\n<\/tr>\n<tr class=\"row-7\">\n\t<td class=\"column-1\">6<\/td><td class=\"column-2\">DIAZ BARBOZA MOISES EFRAIN<\/td><td class=\"column-3\">mdiazb@unitru.edu.pe<\/td>\n<\/tr>\n<tr class=\"row-8\">\n\t<td class=\"column-1\">7<\/td><td class=\"column-2\">LUJAN BULNES LUIS ANGELO<\/td><td class=\"column-3\">llujan@unitru.edu.pe<\/td>\n<\/tr>\n<tr class=\"row-9\">\n\t<td class=\"column-1\">8<\/td><td class=\"column-2\">RODRIGUEZ CASTILLO ANDRES OSWALDO<\/td><td class=\"column-3\">arodriguezc@unitru.edu.pe<\/td>\n<\/tr>\n<tr class=\"row-10\">\n\t<td class=\"column-1\">9<\/td><td class=\"column-2\">VENEROS URBINA BILMIA<\/td><td class=\"column-3\">bveneros@unitru.edu.pe<\/td>\n<\/tr>\n<tr class=\"row-11\">\n\t<td class=\"column-1\">10<\/td><td class=\"column-2\">ZAFRA TRELLES ALINA MABEL<\/td><td class=\"column-3\">azafra@unitru.edu.pe<\/td>\n<\/tr>\n<\/tbody>\n<\/table>\n<!-- #tablepress-3 from cache -->\n\n\n\n<div style=\"height:28px\" aria-hidden=\"true\" class=\"wp-block-spacer\"><\/div>\n\n\n\n<h3 class=\"wp-block-heading has-text-align-center has-vivid-red-color has-text-color has-link-color wp-elements-54a6636211df7772616aacbec2aa8db5\"><strong>DEPARTAMENTO ACAD\u00c9MICO DE QU\u00cdMICA BIOL\u00d3GICA Y FISIOLOG\u00cdA ANIMAL<\/strong><\/h3>\n\n\n\n<div style=\"height:28px\" aria-hidden=\"true\" class=\"wp-block-spacer\"><\/div>\n\n\n\n<table id=\"tablepress-4\" class=\"tablepress tablepress-id-4\">\n<thead>\n<tr class=\"row-1\">\n\t<th class=\"column-1\">N\u00b0<\/th><th class=\"column-2\">Apellidos y Nombres<\/th><th class=\"column-3\">Correo<\/th>\n<\/tr>\n<\/thead>\n<tbody class=\"row-striping row-hover\">\n<tr class=\"row-2\">\n\t<td class=\"column-1\">1<\/td><td class=\"column-2\">ASPAJO VILLALAZ CINTHYA LISSETT<\/td><td class=\"column-3\">caspajo@unitru.edu.pe<\/td>\n<\/tr>\n<tr class=\"row-3\">\n\t<td class=\"column-1\">2<\/td><td class=\"column-2\">CADERON PE\u00d1A ABHEL ARTHUR<\/td><td class=\"column-3\">acalderonp@unitru.edu.pe<\/td>\n<\/tr>\n<tr class=\"row-4\">\n\t<td class=\"column-1\">3<\/td><td class=\"column-2\">CASTRO MALABRIGO VICTOR MANUEL<\/td><td class=\"column-3\">vcastrom@unitru.edu.pe<\/td>\n<\/tr>\n<tr class=\"row-5\">\n\t<td class=\"column-1\">4<\/td><td class=\"column-2\">ILICH ZERPA STEBAN ALEJANDRO<\/td><td class=\"column-3\">silich@unitru.edu.pe<\/td>\n<\/tr>\n<tr class=\"row-6\">\n\t<td class=\"column-1\">5<\/td><td class=\"column-2\">LEON TORRES CARLOS ALBERTO<\/td><td class=\"column-3\">cleon@unitru.edu.pe<\/td>\n<\/tr>\n<tr class=\"row-7\">\n\t<td class=\"column-1\">6<\/td><td class=\"column-2\">LLANOS ROMAN MARIA NOEMI<\/td><td class=\"column-3\">mllanosr@unitru.edu.pe<\/td>\n<\/tr>\n<tr class=\"row-8\">\n\t<td class=\"column-1\">7<\/td><td class=\"column-2\">PRETEL SEVILLANO ORLANDO ENRIQUE<\/td><td class=\"column-3\">opretel@unitru.edu.pe<\/td>\n<\/tr>\n<tr class=\"row-9\">\n\t<td class=\"column-1\">8<\/td><td class=\"column-2\">SALAZAR CASTILLO MARCO LEONCIO<\/td><td class=\"column-3\">msalazar@unitru.edu.pe<\/td>\n<\/tr>\n<tr class=\"row-10\">\n\t<td class=\"column-1\">9<\/td><td class=\"column-2\">TORRES PLASENCIA PATRICIA ELIZABETH<\/td><td class=\"column-3\">ptorres@unitru.edu.pe<\/td>\n<\/tr>\n<\/tbody>\n<\/table>\n<!-- #tablepress-4 from cache -->\n","protected":false},"excerpt":{"rendered":"<p>DEPARTAMENTO ACAD\u00c9MICO DE CIENCIAS BIOL\u00d3GICAS DEPARTAMENTO ACAD\u00c9MICO DE MICROBIOLOG\u00cdA Y PARASITOLOG\u00cdA DEPARTAMENTO ACAD\u00c9MICO DE PESQUER\u00cdA DEPARTAMENTO ACAD\u00c9MICO DE QU\u00cdMICA BIOL\u00d3GICA Y FISIOLOG\u00cdA ANIMAL<\/p>\n","protected":false},"author":2,"featured_media":0,"parent":0,"menu_order":0,"comment_status":"closed","ping_status":"closed","template":"","meta":{"footnotes":""},"class_list":["post-26","page","type-page","status-publish","hentry"],"_links":{"self":[{"href":"https:\/\/facbio.unitru.edu.pe\/index.php\/wp-json\/wp\/v2\/pages\/26","targetHints":{"allow":["GET"]}}],"collection":[{"href":"https:\/\/facbio.unitru.edu.pe\/index.php\/wp-json\/wp\/v2\/pages"}],"about":[{"href":"https:\/\/facbio.unitru.edu.pe\/index.php\/wp-json\/wp\/v2\/types\/page"}],"author":[{"embeddable":true,"href":"https:\/\/facbio.unitru.edu.pe\/index.php\/wp-json\/wp\/v2\/users\/2"}],"replies":[{"embeddable":true,"href":"https:\/\/facbio.unitru.edu.pe\/index.php\/wp-json\/wp\/v2\/comments?post=26"}],"version-history":[{"count":22,"href":"https:\/\/facbio.unitru.edu.pe\/index.php\/wp-json\/wp\/v2\/pages\/26\/revisions"}],"predecessor-version":[{"id":1809,"href":"https:\/\/facbio.unitru.edu.pe\/index.php\/wp-json\/wp\/v2\/pages\/26\/revisions\/1809"}],"wp:attachment":[{"href":"https:\/\/facbio.unitru.edu.pe\/index.php\/wp-json\/wp\/v2\/media?parent=26"}],"curies":[{"name":"wp","href":"https:\/\/api.w.org\/{rel}","templated":true}]}}