{"id":34,"date":"2023-12-15T20:07:36","date_gmt":"2023-12-16T01:07:36","guid":{"rendered":"https:\/\/facbio.unitru.edu.pe\/?page_id=34"},"modified":"2024-10-17T20:04:17","modified_gmt":"2024-10-18T01:04:17","slug":"e-a-de-biologia-pesquera","status":"publish","type":"page","link":"https:\/\/facbio.unitru.edu.pe\/index.php\/e-a-de-biologia-pesquera\/","title":{"rendered":"E.A. de Biolog\u00eda Pesquera"},"content":{"rendered":"\t\t<div data-elementor-type=\"wp-page\" data-elementor-id=\"34\" class=\"elementor elementor-34\">\n\t\t\t\t<div class=\"elementor-element elementor-element-13b37fa e-con-full e-flex e-con e-parent\" data-id=\"13b37fa\" data-element_type=\"container\" data-settings=\"{&quot;background_background&quot;:&quot;slideshow&quot;,&quot;background_slideshow_gallery&quot;:[{&quot;id&quot;:1163,&quot;url&quot;:&quot;https:\\\/\\\/facbio.unitru.edu.pe\\\/wp-content\\\/uploads\\\/2024\\\/01\\\/biopes1.jpg&quot;},{&quot;id&quot;:1162,&quot;url&quot;:&quot;https:\\\/\\\/facbio.unitru.edu.pe\\\/wp-content\\\/uploads\\\/2024\\\/01\\\/biopes2.jpg&quot;},{&quot;id&quot;:1164,&quot;url&quot;:&quot;https:\\\/\\\/facbio.unitru.edu.pe\\\/wp-content\\\/uploads\\\/2024\\\/01\\\/biopes3.jpg&quot;}],&quot;background_slideshow_slide_duration&quot;:3000,&quot;background_slideshow_transition_duration&quot;:1100,&quot;background_slideshow_loop&quot;:&quot;yes&quot;,&quot;background_slideshow_slide_transition&quot;:&quot;fade&quot;}\">\n\t\t<div class=\"elementor-element elementor-element-87bb909 e-flex e-con-boxed e-con e-child\" data-id=\"87bb909\" data-element_type=\"container\">\n\t\t\t\t\t<div class=\"e-con-inner\">\n\t\t\t\t<div class=\"elementor-element elementor-element-f4019ec elementor-widget elementor-widget-heading\" data-id=\"f4019ec\" data-element_type=\"widget\" data-widget_type=\"heading.default\">\n\t\t\t\t<div class=\"elementor-widget-container\">\n\t\t\t\t\t<h2 class=\"elementor-heading-title elementor-size-default\">ESCUELA ACAD\u00c9MICA DE<\/h2>\t\t\t\t<\/div>\n\t\t\t\t<\/div>\n\t\t\t\t<div class=\"elementor-element elementor-element-cbdf317 elementor-widget elementor-widget-heading\" data-id=\"cbdf317\" data-element_type=\"widget\" data-widget_type=\"heading.default\">\n\t\t\t\t<div class=\"elementor-widget-container\">\n\t\t\t\t\t<h2 class=\"elementor-heading-title elementor-size-default\">BIOLOG\u00cdA PESQUERA<\/h2>\t\t\t\t<\/div>\n\t\t\t\t<\/div>\n\t\t\t\t\t<\/div>\n\t\t\t\t<\/div>\n\t\t\t\t<\/div>\n\t\t<div class=\"elementor-element elementor-element-153bfe3 e-flex e-con-boxed e-con e-parent\" data-id=\"153bfe3\" data-element_type=\"container\">\n\t\t\t\t\t<div class=\"e-con-inner\">\n\t\t\t\t<div class=\"elementor-element elementor-element-118c7c3 elementor-widget elementor-widget-heading\" data-id=\"118c7c3\" data-element_type=\"widget\" data-widget_type=\"heading.default\">\n\t\t\t\t<div class=\"elementor-widget-container\">\n\t\t\t\t\t<h2 class=\"elementor-heading-title elementor-size-default\">PRESENTACI\u00d3N<\/h2>\t\t\t\t<\/div>\n\t\t\t\t<\/div>\n\t\t\t\t<div class=\"elementor-element elementor-element-f2cdb2f elementor-widget elementor-widget-heading\" data-id=\"f2cdb2f\" data-element_type=\"widget\" data-widget_type=\"heading.default\">\n\t\t\t\t<div class=\"elementor-widget-container\">\n\t\t\t\t\t<p class=\"elementor-heading-title elementor-size-default\">La Escuela Profesional de Ciencias Biol\u00f3gicas es la unidad acad\u00e9mica de la Universidad Nacional Trujillo responsable de la formaci\u00f3n de los estudiantes hasta la obtenci\u00f3n del Grado Acad\u00e9mico de Bachiller en Ciencias Biol\u00f3gicas y el T\u00edtulo Profesional de Bi\u00f3logo Pesquero. <\/p>\t\t\t\t<\/div>\n\t\t\t\t<\/div>\n\t\t\t\t<div class=\"elementor-element elementor-element-a566c88 elementor-widget elementor-widget-heading\" data-id=\"a566c88\" data-element_type=\"widget\" data-widget_type=\"heading.default\">\n\t\t\t\t<div class=\"elementor-widget-container\">\n\t\t\t\t\t<p class=\"elementor-heading-title elementor-size-default\">El profesional Bi\u00f3logo Pesquero investiga, produce, transforma y conserva los recursos hidrobiol\u00f3gicos de los ecosistemas acu\u00e1ticos contribuyendo con la seguridad alimentaria, asegurando el desarrollo sostenible con responsabilidad social.<\/p>\t\t\t\t<\/div>\n\t\t\t\t<\/div>\n\t\t\t\t\t<\/div>\n\t\t\t\t<\/div>\n\t\t<div class=\"elementor-element elementor-element-081397e e-flex e-con-boxed e-con e-parent\" data-id=\"081397e\" data-element_type=\"container\">\n\t\t\t\t\t<div class=\"e-con-inner\">\n\t\t<div class=\"elementor-element elementor-element-e526300 e-con-full e-flex e-con e-child\" data-id=\"e526300\" data-element_type=\"container\">\n\t\t\t\t<div class=\"elementor-element elementor-element-a0cf3d4 elementor-widget elementor-widget-heading\" data-id=\"a0cf3d4\" data-element_type=\"widget\" data-widget_type=\"heading.default\">\n\t\t\t\t<div class=\"elementor-widget-container\">\n\t\t\t\t\t<h2 class=\"elementor-heading-title elementor-size-default\">Programa de estudios:<\/h2>\t\t\t\t<\/div>\n\t\t\t\t<\/div>\n\t\t\t\t<div class=\"elementor-element elementor-element-0aafbe9 elementor-widget elementor-widget-heading\" data-id=\"0aafbe9\" data-element_type=\"widget\" data-widget_type=\"heading.default\">\n\t\t\t\t<div class=\"elementor-widget-container\">\n\t\t\t\t\t<p class=\"elementor-heading-title elementor-size-default\">Biolog\u00eda Pesquera<\/p>\t\t\t\t<\/div>\n\t\t\t\t<\/div>\n\t\t\t\t<\/div>\n\t\t<div class=\"elementor-element elementor-element-67691d9 e-con-full e-flex e-con e-child\" data-id=\"67691d9\" data-element_type=\"container\">\n\t\t\t\t<div class=\"elementor-element elementor-element-b36853b elementor-widget elementor-widget-heading\" data-id=\"b36853b\" data-element_type=\"widget\" data-widget_type=\"heading.default\">\n\t\t\t\t<div class=\"elementor-widget-container\">\n\t\t\t\t\t<h2 class=\"elementor-heading-title elementor-size-default\">Duraci\u00f3n:<\/h2>\t\t\t\t<\/div>\n\t\t\t\t<\/div>\n\t\t\t\t<div class=\"elementor-element elementor-element-15ce618 elementor-widget elementor-widget-heading\" data-id=\"15ce618\" data-element_type=\"widget\" data-widget_type=\"heading.default\">\n\t\t\t\t<div class=\"elementor-widget-container\">\n\t\t\t\t\t<p class=\"elementor-heading-title elementor-size-default\">5 a\u00f1os<\/p>\t\t\t\t<\/div>\n\t\t\t\t<\/div>\n\t\t\t\t<\/div>\n\t\t<div class=\"elementor-element elementor-element-ff3f74b e-con-full e-flex e-con e-child\" data-id=\"ff3f74b\" data-element_type=\"container\">\n\t\t\t\t<div class=\"elementor-element elementor-element-49d6434 elementor-widget elementor-widget-heading\" data-id=\"49d6434\" data-element_type=\"widget\" data-widget_type=\"heading.default\">\n\t\t\t\t<div class=\"elementor-widget-container\">\n\t\t\t\t\t<h2 class=\"elementor-heading-title elementor-size-default\">Grado Acad\u00e9mico:<\/h2>\t\t\t\t<\/div>\n\t\t\t\t<\/div>\n\t\t\t\t<div class=\"elementor-element elementor-element-c9b376f elementor-widget elementor-widget-heading\" data-id=\"c9b376f\" data-element_type=\"widget\" data-widget_type=\"heading.default\">\n\t\t\t\t<div class=\"elementor-widget-container\">\n\t\t\t\t\t<p class=\"elementor-heading-title elementor-size-default\">Bachiller en Ciencias Biol\u00f3gicas<\/p>\t\t\t\t<\/div>\n\t\t\t\t<\/div>\n\t\t\t\t<\/div>\n\t\t<div class=\"elementor-element elementor-element-985d0c3 e-con-full e-flex e-con e-child\" data-id=\"985d0c3\" data-element_type=\"container\">\n\t\t\t\t<div class=\"elementor-element elementor-element-90eed78 elementor-widget elementor-widget-heading\" data-id=\"90eed78\" data-element_type=\"widget\" data-widget_type=\"heading.default\">\n\t\t\t\t<div class=\"elementor-widget-container\">\n\t\t\t\t\t<h2 class=\"elementor-heading-title elementor-size-default\">T\u00edtulo profesional:<\/h2>\t\t\t\t<\/div>\n\t\t\t\t<\/div>\n\t\t\t\t<div class=\"elementor-element elementor-element-6927cac elementor-widget elementor-widget-heading\" data-id=\"6927cac\" data-element_type=\"widget\" data-widget_type=\"heading.default\">\n\t\t\t\t<div class=\"elementor-widget-container\">\n\t\t\t\t\t<p class=\"elementor-heading-title elementor-size-default\">Bi\u00f3logo Pesquero<\/p>\t\t\t\t<\/div>\n\t\t\t\t<\/div>\n\t\t\t\t<\/div>\n\t\t<div class=\"elementor-element elementor-element-38a9678 e-con-full e-flex e-con e-child\" data-id=\"38a9678\" data-element_type=\"container\">\n\t\t\t\t<div class=\"elementor-element elementor-element-653b586 elementor-widget elementor-widget-heading\" data-id=\"653b586\" data-element_type=\"widget\" data-widget_type=\"heading.default\">\n\t\t\t\t<div class=\"elementor-widget-container\">\n\t\t\t\t\t<h2 class=\"elementor-heading-title elementor-size-default\">N\u00b0 de cr\u00e9ditos:<\/h2>\t\t\t\t<\/div>\n\t\t\t\t<\/div>\n\t\t\t\t<div class=\"elementor-element elementor-element-d5306f1 elementor-widget elementor-widget-heading\" data-id=\"d5306f1\" data-element_type=\"widget\" data-widget_type=\"heading.default\">\n\t\t\t\t<div class=\"elementor-widget-container\">\n\t\t\t\t\t<p class=\"elementor-heading-title elementor-size-default\">215<\/p>\t\t\t\t<\/div>\n\t\t\t\t<\/div>\n\t\t\t\t<\/div>\n\t\t<div class=\"elementor-element elementor-element-1a4b535 e-con-full e-flex e-con e-child\" data-id=\"1a4b535\" data-element_type=\"container\">\n\t\t\t\t<div class=\"elementor-element elementor-element-c1458c1 elementor-widget elementor-widget-heading\" data-id=\"c1458c1\" data-element_type=\"widget\" data-widget_type=\"heading.default\">\n\t\t\t\t<div class=\"elementor-widget-container\">\n\t\t\t\t\t<h2 class=\"elementor-heading-title elementor-size-default\">Director de escuela:<\/h2>\t\t\t\t<\/div>\n\t\t\t\t<\/div>\n\t\t\t\t<div class=\"elementor-element elementor-element-64e3977 elementor-widget elementor-widget-heading\" data-id=\"64e3977\" data-element_type=\"widget\" data-widget_type=\"heading.default\">\n\t\t\t\t<div class=\"elementor-widget-container\">\n\t\t\t\t\t<p class=\"elementor-heading-title elementor-size-default\">Dr. Luis Angelo Luj\u00e1n Bulnes<\/p>\t\t\t\t<\/div>\n\t\t\t\t<\/div>\n\t\t\t\t<\/div>\n\t\t<div class=\"elementor-element elementor-element-00a8634 e-con-full e-flex e-con e-child\" data-id=\"00a8634\" data-element_type=\"container\">\n\t\t\t\t<div class=\"elementor-element elementor-element-e8c8411 elementor-widget elementor-widget-heading\" data-id=\"e8c8411\" data-element_type=\"widget\" data-widget_type=\"heading.default\">\n\t\t\t\t<div class=\"elementor-widget-container\">\n\t\t\t\t\t<h2 class=\"elementor-heading-title elementor-size-default\">Secretaria:<\/h2>\t\t\t\t<\/div>\n\t\t\t\t<\/div>\n\t\t\t\t<div class=\"elementor-element elementor-element-006a25d elementor-widget elementor-widget-heading\" data-id=\"006a25d\" data-element_type=\"widget\" data-widget_type=\"heading.default\">\n\t\t\t\t<div class=\"elementor-widget-container\">\n\t\t\t\t\t<p class=\"elementor-heading-title elementor-size-default\">Mar\u00eda Elisa Guti\u00e9rrez Baz\u00e1n<\/p>\t\t\t\t<\/div>\n\t\t\t\t<\/div>\n\t\t\t\t<\/div>\n\t\t<div class=\"elementor-element elementor-element-b98906a e-con-full e-flex e-con e-child\" data-id=\"b98906a\" data-element_type=\"container\">\n\t\t\t\t<div class=\"elementor-element elementor-element-6f42d1a elementor-widget elementor-widget-heading\" data-id=\"6f42d1a\" data-element_type=\"widget\" data-widget_type=\"heading.default\">\n\t\t\t\t<div class=\"elementor-widget-container\">\n\t\t\t\t\t<h2 class=\"elementor-heading-title elementor-size-default\">Horario de atenci\u00f3n:<\/h2>\t\t\t\t<\/div>\n\t\t\t\t<\/div>\n\t\t\t\t<div class=\"elementor-element elementor-element-caa8423 elementor-widget elementor-widget-heading\" data-id=\"caa8423\" data-element_type=\"widget\" data-widget_type=\"heading.default\">\n\t\t\t\t<div class=\"elementor-widget-container\">\n\t\t\t\t\t<p class=\"elementor-heading-title elementor-size-default\">Lunes a viernes<br>\n7:00 a.m. a 2:45 p.m.<\/p>\t\t\t\t<\/div>\n\t\t\t\t<\/div>\n\t\t\t\t<\/div>\n\t\t<div class=\"elementor-element elementor-element-42028dc e-con-full e-flex e-con e-child\" data-id=\"42028dc\" data-element_type=\"container\">\n\t\t\t\t<div class=\"elementor-element elementor-element-bd5c046 elementor-widget elementor-widget-heading\" data-id=\"bd5c046\" data-element_type=\"widget\" data-widget_type=\"heading.default\">\n\t\t\t\t<div class=\"elementor-widget-container\">\n\t\t\t\t\t<h2 class=\"elementor-heading-title elementor-size-default\">Informes:<\/h2>\t\t\t\t<\/div>\n\t\t\t\t<\/div>\n\t\t\t\t<div class=\"elementor-element elementor-element-8b8abce elementor-widget elementor-widget-heading\" data-id=\"8b8abce\" data-element_type=\"widget\" data-widget_type=\"heading.default\">\n\t\t\t\t<div class=\"elementor-widget-container\">\n\t\t\t\t\t<p class=\"elementor-heading-title elementor-size-default\">biologiapesquera@unitru.edu.pe<\/p>\t\t\t\t<\/div>\n\t\t\t\t<\/div>\n\t\t\t\t<\/div>\n\t\t\t\t\t<\/div>\n\t\t\t\t<\/div>\n\t\t<div class=\"elementor-element elementor-element-5552a63 e-flex e-con-boxed e-con e-parent\" data-id=\"5552a63\" data-element_type=\"container\">\n\t\t\t\t\t<div class=\"e-con-inner\">\n\t\t\t\t<div class=\"elementor-element elementor-element-d0a904e elementor-widget elementor-widget-heading\" data-id=\"d0a904e\" data-element_type=\"widget\" data-widget_type=\"heading.default\">\n\t\t\t\t<div class=\"elementor-widget-container\">\n\t\t\t\t\t<h2 class=\"elementor-heading-title elementor-size-default\">MISI\u00d3N<\/h2>\t\t\t\t<\/div>\n\t\t\t\t<\/div>\n\t\t\t\t<div class=\"elementor-element elementor-element-a384d1b elementor-widget elementor-widget-heading\" data-id=\"a384d1b\" data-element_type=\"widget\" data-widget_type=\"heading.default\">\n\t\t\t\t<div class=\"elementor-widget-container\">\n\t\t\t\t\t<p class=\"elementor-heading-title elementor-size-default\">Formar Bi\u00f3logos Pesqueros competentes, comprometidos con nuestra realidad y el desarrollo cultural, cient\u00edfico y econ\u00f3mico de nuestra regi\u00f3n y nuestro Pa\u00eds.<\/p>\t\t\t\t<\/div>\n\t\t\t\t<\/div>\n\t\t\t\t\t<\/div>\n\t\t\t\t<\/div>\n\t\t<div class=\"elementor-element elementor-element-3a283bf e-flex e-con-boxed e-con e-parent\" data-id=\"3a283bf\" data-element_type=\"container\">\n\t\t\t\t\t<div class=\"e-con-inner\">\n\t\t\t\t<div class=\"elementor-element elementor-element-b3db97b elementor-widget elementor-widget-heading\" data-id=\"b3db97b\" data-element_type=\"widget\" data-widget_type=\"heading.default\">\n\t\t\t\t<div class=\"elementor-widget-container\">\n\t\t\t\t\t<h2 class=\"elementor-heading-title elementor-size-default\">VISI\u00d3N<\/h2>\t\t\t\t<\/div>\n\t\t\t\t<\/div>\n\t\t\t\t<div class=\"elementor-element elementor-element-c011e6f elementor-widget elementor-widget-heading\" data-id=\"c011e6f\" data-element_type=\"widget\" data-widget_type=\"heading.default\">\n\t\t\t\t<div class=\"elementor-widget-container\">\n\t\t\t\t\t<p class=\"elementor-heading-title elementor-size-default\">Al 2024, seremos una instituci\u00f3n l\u00edder reconocida por la formaci\u00f3n cient\u00edfica y tecnol\u00f3gica de Bi\u00f3logos Pesqueros y especialistas competentes a nivel nacional contribuyendo en la soluci\u00f3n de problemas regionales y nacionales relacionados a su competencia profesional.<\/p>\t\t\t\t<\/div>\n\t\t\t\t<\/div>\n\t\t\t\t\t<\/div>\n\t\t\t\t<\/div>\n\t\t<div class=\"elementor-element elementor-element-da98eea e-flex e-con-boxed e-con e-parent\" data-id=\"da98eea\" data-element_type=\"container\">\n\t\t\t\t\t<div class=\"e-con-inner\">\n\t\t\t\t<div class=\"elementor-element elementor-element-83fcb72 elementor-widget elementor-widget-heading\" data-id=\"83fcb72\" data-element_type=\"widget\" data-widget_type=\"heading.default\">\n\t\t\t\t<div class=\"elementor-widget-container\">\n\t\t\t\t\t<h2 class=\"elementor-heading-title elementor-size-default\">PERFIL DE INGRESO<\/h2>\t\t\t\t<\/div>\n\t\t\t\t<\/div>\n\t\t\t\t<div class=\"elementor-element elementor-element-0345325 elementor-widget elementor-widget-heading\" data-id=\"0345325\" data-element_type=\"widget\" data-widget_type=\"heading.default\">\n\t\t\t\t<div class=\"elementor-widget-container\">\n\t\t\t\t\t<p class=\"elementor-heading-title elementor-size-default\">Es necesario que el ingresante a esta carrera se encuentre interesado por  la naturaleza, la investigaci\u00f3n y pueda acreditar un buen rendimiento acad\u00e9mico; asimismo, se encuentre interesado por los descubrimientos cient\u00edficos y capacidad para trabajar en equipo y adem\u00e1s reunir las siguientes caracter\u00edsticas:<br><br>\n<b>CONOCIMIENTOS B\u00c1SICOS<\/b><br><br>\n- Razonamiento verbal.<br>\n- Razonamiento matem\u00e1tico.<br>\n- Ciencia, Tecnolog\u00eda y Ambiente.<br>\n- Biolog\u00eda, F\u00edsica y Qu\u00edmica.<br><br>\n<b>PROCEDIMENTAL<\/b><br><br>\n- Capacidad de an\u00e1lisis y s\u00edntesis.<br>\n- Capacidad de argumentaci\u00f3n.<br>\n- Capacidad b\u00e1sica en el manejo de TIC.<br>\n- Capacidad para la comprensi\u00f3n de textos.<br><br>\n<b>ACTITUDES<\/b><br><br>\n- Inter\u00e9s por la naturaleza y sus recursos acu\u00e1ticos; as\u00ed como por la protecci\u00f3n y conservaci\u00f3n de los animales en los diferentes ecosistemas acu\u00e1ticos.<br>\n- Ser altruista.<br>\n- Valores \u00e9ticos.<br>\n- Actitud para trabajar en equipo.<br>\n- Capacidad para tomar decisiones frente a nuevas situaciones.<br>\n- Ser perseverante para alcanzar sus metas.<br>\n- Habilidad en comunicaci\u00f3n oral y escrita.<br>\n- Capacidad de liderazgo.<br>\n- Demostrar responsabilidad, honestidad y amabilidad.<\/p>\t\t\t\t<\/div>\n\t\t\t\t<\/div>\n\t\t\t\t\t<\/div>\n\t\t\t\t<\/div>\n\t\t<div class=\"elementor-element elementor-element-ed2fbc6 e-flex e-con-boxed e-con e-parent\" data-id=\"ed2fbc6\" data-element_type=\"container\">\n\t\t\t\t\t<div class=\"e-con-inner\">\n\t\t\t\t<div class=\"elementor-element elementor-element-75d74f3 elementor-widget elementor-widget-heading\" data-id=\"75d74f3\" data-element_type=\"widget\" data-widget_type=\"heading.default\">\n\t\t\t\t<div class=\"elementor-widget-container\">\n\t\t\t\t\t<h2 class=\"elementor-heading-title elementor-size-default\">PERFIL DEL EGRESADO<\/h2>\t\t\t\t<\/div>\n\t\t\t\t<\/div>\n\t\t\t\t<div class=\"elementor-element elementor-element-cc58c40 elementor-widget elementor-widget-heading\" data-id=\"cc58c40\" data-element_type=\"widget\" data-widget_type=\"heading.default\">\n\t\t\t\t<div class=\"elementor-widget-container\">\n\t\t\t\t\t<p class=\"elementor-heading-title elementor-size-default\">Eval\u00faa los recursos pesqueros de los ecosistemas acu\u00e1ticos obtenidos por la pesca artesanal e industrial mediante modelos biol\u00f3gicos, cultiva y produce diferentes especies acu\u00e1ticas de inter\u00e9s econ\u00f3mico a trav\u00e9s de la Acuicultura Continental y Marina, extrae y transforma los recursos pesqueros mediante la aplicaci\u00f3n de t\u00e9cnicas tradicionales y no tradicionales con innovaci\u00f3n para el consumo humano y conserva el Medio Ambiente evaluando el funcionamiento de los ecosistemas y la biodiversidad acu\u00e1tica.<\/p>\t\t\t\t<\/div>\n\t\t\t\t<\/div>\n\t\t\t\t\t<\/div>\n\t\t\t\t<\/div>\n\t\t<div class=\"elementor-element elementor-element-8801046 e-flex e-con-boxed e-con e-parent\" data-id=\"8801046\" data-element_type=\"container\">\n\t\t\t\t\t<div class=\"e-con-inner\">\n\t\t\t\t<div class=\"elementor-element elementor-element-0156d66 elementor-widget elementor-widget-heading\" data-id=\"0156d66\" data-element_type=\"widget\" data-widget_type=\"heading.default\">\n\t\t\t\t<div class=\"elementor-widget-container\">\n\t\t\t\t\t<h2 class=\"elementor-heading-title elementor-size-default\">COMPETENCIAS GENERALES<\/h2>\t\t\t\t<\/div>\n\t\t\t\t<\/div>\n\t\t\t\t<div class=\"elementor-element elementor-element-d9e6269 elementor-widget elementor-widget-heading\" data-id=\"d9e6269\" data-element_type=\"widget\" data-widget_type=\"heading.default\">\n\t\t\t\t<div class=\"elementor-widget-container\">\n\t\t\t\t\t<p class=\"elementor-heading-title elementor-size-default\">Desarrollo \u00e9tico \u2013 social - cultural y ambiental<\/p>\t\t\t\t<\/div>\n\t\t\t\t<\/div>\n\t\t\t\t<div class=\"elementor-element elementor-element-a33c1ed elementor-widget elementor-widget-heading\" data-id=\"a33c1ed\" data-element_type=\"widget\" data-widget_type=\"heading.default\">\n\t\t\t\t<div class=\"elementor-widget-container\">\n\t\t\t\t\t<p class=\"elementor-heading-title elementor-size-default\">Aplica principios \u00e9ticos y asume los compromisos profesionales responsablemente en todas las actividades del campo profesional.<\/p>\t\t\t\t<\/div>\n\t\t\t\t<\/div>\n\t\t\t\t<div class=\"elementor-element elementor-element-26acebb elementor-widget elementor-widget-heading\" data-id=\"26acebb\" data-element_type=\"widget\" data-widget_type=\"heading.default\">\n\t\t\t\t<div class=\"elementor-widget-container\">\n\t\t\t\t\t<p class=\"elementor-heading-title elementor-size-default\">Comunicaci\u00f3n efectiva<\/p>\t\t\t\t<\/div>\n\t\t\t\t<\/div>\n\t\t\t\t<div class=\"elementor-element elementor-element-456623c elementor-widget elementor-widget-heading\" data-id=\"456623c\" data-element_type=\"widget\" data-widget_type=\"heading.default\">\n\t\t\t\t<div class=\"elementor-widget-container\">\n\t\t\t\t\t<p class=\"elementor-heading-title elementor-size-default\">Se comunica eficazmente, mediante la comprensi\u00f3n y redacci\u00f3n de informes eficaces y documentaci\u00f3n de dise\u00f1o, la realizaci\u00f3n de exposiciones eficaces, y la transmisi\u00f3n y recepci\u00f3n de instrucciones claras.<\/p>\t\t\t\t<\/div>\n\t\t\t\t<\/div>\n\t\t\t\t<div class=\"elementor-element elementor-element-9e3d958 elementor-widget elementor-widget-heading\" data-id=\"9e3d958\" data-element_type=\"widget\" data-widget_type=\"heading.default\">\n\t\t\t\t<div class=\"elementor-widget-container\">\n\t\t\t\t\t<p class=\"elementor-heading-title elementor-size-default\">Liderazgo y trabajo en equipo<\/p>\t\t\t\t<\/div>\n\t\t\t\t<\/div>\n\t\t\t\t<div class=\"elementor-element elementor-element-0bd04b6 elementor-widget elementor-widget-heading\" data-id=\"0bd04b6\" data-element_type=\"widget\" data-widget_type=\"heading.default\">\n\t\t\t\t<div class=\"elementor-widget-container\">\n\t\t\t\t\t<p class=\"elementor-heading-title elementor-size-default\">Se desenvuelve eficazmente como individuo y como miembro o l\u00edder en diversos equipos, en un entorno multidisciplinario.<\/p>\t\t\t\t<\/div>\n\t\t\t\t<\/div>\n\t\t\t\t<div class=\"elementor-element elementor-element-9eed612 elementor-widget elementor-widget-heading\" data-id=\"9eed612\" data-element_type=\"widget\" data-widget_type=\"heading.default\">\n\t\t\t\t<div class=\"elementor-widget-container\">\n\t\t\t\t\t<p class=\"elementor-heading-title elementor-size-default\">Demuestra un desarrollo integral<\/p>\t\t\t\t<\/div>\n\t\t\t\t<\/div>\n\t\t\t\t<div class=\"elementor-element elementor-element-824cd15 elementor-widget elementor-widget-heading\" data-id=\"824cd15\" data-element_type=\"widget\" data-widget_type=\"heading.default\">\n\t\t\t\t<div class=\"elementor-widget-container\">\n\t\t\t\t\t<p class=\"elementor-heading-title elementor-size-default\">Cient\u00edfico, human\u00edstico, axiol\u00f3gico, est\u00e9tico, deportivo y cultural, con bases s\u00f3lidas, significativas y trascendentes en su desempe\u00f1o acad\u00e9mico inter y multidisciplinar y en su relaci\u00f3n con pares y entorno, evidenciando una elevada conciencia \u00e9tico-moral, ciudadana y medioambiental, capacidad para asumir una posici\u00f3n cr\u00edtica y propositiva frente a los diversos escenarios y cambios sociales, medioambientales y pol\u00edticos de su entorno.<\/p>\t\t\t\t<\/div>\n\t\t\t\t<\/div>\n\t\t\t\t\t<\/div>\n\t\t\t\t<\/div>\n\t\t\t\t<\/div>\n\t\t","protected":false},"excerpt":{"rendered":"<p>ESCUELA ACAD\u00c9MICA DE BIOLOG\u00cdA PESQUERA PRESENTACI\u00d3N La Escuela Profesional de Ciencias Biol\u00f3gicas es la unidad acad\u00e9mica de la Universidad Nacional Trujillo responsable de la formaci\u00f3n de los estudiantes hasta la obtenci\u00f3n del Grado Acad\u00e9mico de Bachiller en Ciencias Biol\u00f3gicas y el T\u00edtulo Profesional de Bi\u00f3logo Pesquero. El profesional Bi\u00f3logo Pesquero investiga, produce, transforma y conserva los recursos hidrobiol\u00f3gicos de los&#8230;<\/p>\n","protected":false},"author":2,"featured_media":0,"parent":0,"menu_order":0,"comment_status":"closed","ping_status":"closed","template":"elementor_header_footer","meta":{"footnotes":""},"class_list":["post-34","page","type-page","status-publish","hentry"],"_links":{"self":[{"href":"https:\/\/facbio.unitru.edu.pe\/index.php\/wp-json\/wp\/v2\/pages\/34","targetHints":{"allow":["GET"]}}],"collection":[{"href":"https:\/\/facbio.unitru.edu.pe\/index.php\/wp-json\/wp\/v2\/pages"}],"about":[{"href":"https:\/\/facbio.unitru.edu.pe\/index.php\/wp-json\/wp\/v2\/types\/page"}],"author":[{"embeddable":true,"href":"https:\/\/facbio.unitru.edu.pe\/index.php\/wp-json\/wp\/v2\/users\/2"}],"replies":[{"embeddable":true,"href":"https:\/\/facbio.unitru.edu.pe\/index.php\/wp-json\/wp\/v2\/comments?post=34"}],"version-history":[{"count":43,"href":"https:\/\/facbio.unitru.edu.pe\/index.php\/wp-json\/wp\/v2\/pages\/34\/revisions"}],"predecessor-version":[{"id":2057,"href":"https:\/\/facbio.unitru.edu.pe\/index.php\/wp-json\/wp\/v2\/pages\/34\/revisions\/2057"}],"wp:attachment":[{"href":"https:\/\/facbio.unitru.edu.pe\/index.php\/wp-json\/wp\/v2\/media?parent=34"}],"curies":[{"name":"wp","href":"https:\/\/api.w.org\/{rel}","templated":true}]}}